{"id":3278,"date":"2017-05-25T08:35:25","date_gmt":"2017-05-25T06:35:25","guid":{"rendered":"https:\/\/www.belvedere-firenze.it\/home\/"},"modified":"2023-12-01T11:36:59","modified_gmt":"2023-12-01T10:36:59","slug":"home","status":"publish","type":"page","link":"https:\/\/www.belvedere-firenze.it\/it\/","title":{"rendered":"Home"},"content":{"rendered":"<p><section id=\"bt_bb_section69e59a432f09b\" class=\"bt_bb_section bt_bb_color_scheme_1 bt_bb_layout_wide bt_bb_full_screen bt_bb_vertical_align_middle\" style=\"; --section-primary-color:#ffffff; --section-secondary-color:#191919;\" data-bt-override-class=\"null\"><div class=\"bt_bb_port\"><div class=\"bt_bb_cell\"><div class=\"bt_bb_cell_inner\"><div class=\"bt_bb_row \"  data-bt-override-class=\"{}\"><div class=\"bt_bb_row_holder\" ><div  class=\"bt_bb_column col-xxl-12 col-xl-12 bt_bb_vertical_align_top bt_bb_align_center bt_bb_padding_normal bt_bb_animation_fade_in animate\" style=\"; --column-width:12;\" data-width=\"12\" data-bt-override-class=\"{}\"><div class=\"bt_bb_column_content\"><div class=\"bt_bb_column_content_inner\"><div class=\"bt_bb_content_slider bt_bb_gap_no_gap bt_bb_arrows_size_normal bt_bb_show_dots_hide bt_bb_height_full_screen bt_bb_animation_slide bt_bb_animation_slide animate\" data-bt-override-class=\"{}\"><div class=\"slick-slider\"  data-slick='{ \"lazyLoad\": \"progressive\", \"cssEase\": \"ease-out\", \"speed\": \"600\", \"accessibility\": false, \"prevArrow\": \"&lt;button type=\\\"button\\\" class=\\\"slick-prev\\\" aria-label=\\\"Previous\\\" tabindex=\\\"0\\\" role=\\\"button\\\"&gt;&lt;\/button&gt;\", \"nextArrow\": \"&lt;button type=\\\"button\\\" class=\\\"slick-next\\\" aria-label=\\\"Next\\\" tabindex=\\\"0\\\" role=\\\"button\\\"&gt;&lt;\/button&gt;\", \"adaptiveHeight\": true,\"autoplay\": true, \"autoplaySpeed\": 3000,\"pauseOnHover\": false}' ><div class=\"bt_bb_content_slider_item\" style=\";background-image:url(https:\/\/www.belvedere-firenze.it\/wp-content\/uploads\/2023\/04\/slide-1.jpg)\"><div class=\"bt_bb_content_slider_item_content content\"><div class=\"bt_bb_separator bt_bb_border_style_none bt_bb_top_spacing_medium\" data-bt-override-class=\"null\"><\/div><div class=\"bt_bb_image bt_bb_shape_square bt_bb_target_self bt_bb_align_inherit bt_bb_hover_style_simple bt_bb_content_display_always bt_bb_content_align_middle\" data-bt-override-class=\"{&quot;bt_bb_align_&quot;:{&quot;current_class&quot;:&quot;bt_bb_align_inherit&quot;,&quot;xxl&quot;:&quot;inherit&quot;,&quot;xl&quot;:&quot;inherit&quot;}}\"><span><img loading=\"lazy\" decoding=\"async\" width=\"750\" height=\"127\" src=\"https:\/\/www.belvedere-firenze.it\/wp-content\/uploads\/2023\/03\/belve-bn.png\" class=\"attachment-full size-full\" alt=\"https:\/\/www.belvedere-firenze.it\/wp-content\/uploads\/2023\/03\/belve-bn.png\" data-full_image_src=\"https:\/\/www.belvedere-firenze.it\/wp-content\/uploads\/2023\/03\/belve-bn.png\" title=\"belve-bn\" srcset=\"https:\/\/www.belvedere-firenze.it\/wp-content\/uploads\/2023\/03\/belve-bn.png 750w, https:\/\/www.belvedere-firenze.it\/wp-content\/uploads\/2023\/03\/belve-bn-640x108.png 640w, https:\/\/www.belvedere-firenze.it\/wp-content\/uploads\/2023\/03\/belve-bn-320x54.png 320w, https:\/\/www.belvedere-firenze.it\/wp-content\/uploads\/2023\/03\/belve-bn-600x102.png 600w\" sizes=\"auto, (max-width: 750px) 100vw, 750px\" \/><\/span><\/div><div class=\"bt_bb_separator bt_bb_border_style_none bt_bb_bottom_spacing_medium\" data-bt-override-class=\"null\"><\/div><\/div><\/div><\/div><\/div><\/div><\/div><\/div><\/div><\/div><\/div><!-- cell_inner --><\/div><!-- cell --><\/div><!-- port --><\/section><section id=\"bt_bb_section69e59a432fbea\" class=\"bt_bb_section bt_bb_layout_boxed_1000 bt_bb_vertical_align_top bt_bb_top_spacing_large bt_bb_bottom_spacing_medium\"  data-bt-override-class=\"null\"><div class=\"bt_bb_port\"><div class=\"bt_bb_cell\"><div class=\"bt_bb_cell_inner\"><div class=\"bt_bb_row \"  data-bt-override-class=\"{}\"><div class=\"bt_bb_row_holder\" ><div  class=\"bt_bb_column col-xxl-12 col-xl-12 bt_bb_vertical_align_top bt_bb_align_center bt_bb_padding_normal bt_bb_animation_fade_in animate\" style=\"; --column-width:12;\" data-width=\"12\" data-bt-override-class=\"{}\"><div class=\"bt_bb_column_content\"><div class=\"bt_bb_column_content_inner\"><div class=\"bt_bb_video bt_bb_disable_controls_no\"><div class=\"bt-video-container\"><div style=\"width: 100%;\" class=\"wp-video\"><video class=\"wp-video-shortcode\" id=\"video-3278-1\" width=\"640\" height=\"360\" preload=\"metadata\" controls=\"controls\"><source type=\"video\/youtube\" src=\"https:\/\/youtu.be\/bUkMJwuiWgQ?_=1\" \/><a href=\"https:\/\/youtu.be\/bUkMJwuiWgQ\">https:\/\/youtu.be\/bUkMJwuiWgQ<\/a><\/video><\/div><\/div><\/div><div class=\"bt_bb_separator bt_bb_border_style_none bt_bb_top_spacing_medium\" data-bt-override-class=\"null\"><\/div><\/div><\/div><\/div><\/div><\/div><div class=\"bt_bb_row \"  data-bt-override-class=\"{}\"><div class=\"bt_bb_row_holder\" ><div  class=\"bt_bb_column col-xxl-12 col-xl-12 bt_bb_vertical_align_middle bt_bb_align_left bt_bb_padding_normal bt_bb_animation_fade_in animate\" style=\"; --column-width:12;\" data-width=\"12\" data-bt-override-class=\"{}\"><div class=\"bt_bb_column_content\"><div class=\"bt_bb_column_content_inner\"><div  class=\"bt_bb_text\" ><div class=\"woocommerce columns-3 \"><\/div><\/div><\/div><\/div><\/div><\/div><\/div><\/div><!-- cell_inner --><\/div><!-- cell --><\/div><!-- port --><\/section><section id=\"bt_bb_section69e59a4331910\" class=\"bt_bb_section bt_bb_color_scheme_12 bt_bb_layout_wide bt_bb_vertical_align_top\" style=\"; --section-primary-color:#181818; --section-secondary-color:#e5e5e5;\" data-bt-override-class=\"null\"><div class=\"bt_bb_port\"><div class=\"bt_bb_cell\"><div class=\"bt_bb_cell_inner\"><div class=\"bt_bb_row  bt_bb_column_gap_0\" style=\"; --column-gap:0px;\" data-bt-override-class=\"{}\"><div class=\"bt_bb_row_holder\" ><div  class=\"bt_bb_column col-xxl-6 col-xl-6 bt_bb_vertical_align_top bt_bb_align_right bt_bb_padding_normal bt_bb_animation_fade_in animate\" style=\"; --column-width:6;\" data-width=\"6\" data-bt-override-class=\"{&quot;bt_bb_align_&quot;:{&quot;current_class&quot;:&quot;bt_bb_align_right&quot;,&quot;xxl&quot;:&quot;right&quot;,&quot;xl&quot;:&quot;right&quot;},&quot;bt_bb_padding_&quot;:{&quot;current_class&quot;:&quot;bt_bb_padding_normal&quot;,&quot;xxl&quot;:&quot;normal&quot;,&quot;xl&quot;:&quot;normal&quot;}}\"><div class=\"bt_bb_column_content\"><div class=\"bt_bb_column_content_inner\"><div class=\"bt_bb_image bt_bb_shape_square bt_bb_target_self bt_bb_align_inherit bt_bb_hover_style_simple bt_bb_content_display_always bt_bb_content_align_middle\" data-bt-override-class=\"{&quot;bt_bb_align_&quot;:{&quot;current_class&quot;:&quot;bt_bb_align_inherit&quot;,&quot;xxl&quot;:&quot;inherit&quot;,&quot;xl&quot;:&quot;inherit&quot;}}\"><span><img loading=\"lazy\" decoding=\"async\" width=\"1300\" height=\"867\" src=\"https:\/\/www.belvedere-firenze.it\/wp-content\/uploads\/2023\/04\/cinture-3.jpg\" class=\"attachment-full size-full\" alt=\"https:\/\/www.belvedere-firenze.it\/wp-content\/uploads\/2023\/04\/cinture-3.jpg\" data-full_image_src=\"https:\/\/www.belvedere-firenze.it\/wp-content\/uploads\/2023\/04\/cinture-3.jpg\" title=\"cinture-3\" srcset=\"https:\/\/www.belvedere-firenze.it\/wp-content\/uploads\/2023\/04\/cinture-3.jpg 1300w, https:\/\/www.belvedere-firenze.it\/wp-content\/uploads\/2023\/04\/cinture-3-640x427.jpg 640w, https:\/\/www.belvedere-firenze.it\/wp-content\/uploads\/2023\/04\/cinture-3-1280x854.jpg 1280w, https:\/\/www.belvedere-firenze.it\/wp-content\/uploads\/2023\/04\/cinture-3-768x512.jpg 768w, https:\/\/www.belvedere-firenze.it\/wp-content\/uploads\/2023\/04\/cinture-3-320x213.jpg 320w, https:\/\/www.belvedere-firenze.it\/wp-content\/uploads\/2023\/04\/cinture-3-600x400.jpg 600w\" sizes=\"auto, (max-width: 1300px) 100vw, 1300px\" \/><\/span><\/div><\/div><\/div><\/div><div  class=\"bt_bb_column col-xxl-6 col-xl-6 bt_bb_vertical_align_top bt_bb_align_left bt_bb_padding_normal bt_bb_animation_fade_in animate\" style=\"; --column-width:6;\" data-width=\"6\" data-bt-override-class=\"{}\"><div class=\"bt_bb_column_content\"><div class=\"bt_bb_column_content_inner\"><div class=\"bt_bb_image bt_bb_shape_square bt_bb_target_self bt_bb_align_inherit bt_bb_hover_style_simple bt_bb_content_display_always bt_bb_content_align_middle\" data-bt-override-class=\"{&quot;bt_bb_align_&quot;:{&quot;current_class&quot;:&quot;bt_bb_align_inherit&quot;,&quot;xxl&quot;:&quot;inherit&quot;,&quot;xl&quot;:&quot;inherit&quot;}}\"><span><img loading=\"lazy\" decoding=\"async\" width=\"1300\" height=\"867\" src=\"https:\/\/www.belvedere-firenze.it\/wp-content\/uploads\/2023\/04\/Belvedere-pelletteria-lavorazioni-3.jpg\" class=\"attachment-full size-full\" alt=\"https:\/\/www.belvedere-firenze.it\/wp-content\/uploads\/2023\/04\/Belvedere-pelletteria-lavorazioni-3.jpg\" data-full_image_src=\"https:\/\/www.belvedere-firenze.it\/wp-content\/uploads\/2023\/04\/Belvedere-pelletteria-lavorazioni-3.jpg\" title=\"Belvedere pelletteria lavorazioni 3\" srcset=\"https:\/\/www.belvedere-firenze.it\/wp-content\/uploads\/2023\/04\/Belvedere-pelletteria-lavorazioni-3.jpg 1300w, https:\/\/www.belvedere-firenze.it\/wp-content\/uploads\/2023\/04\/Belvedere-pelletteria-lavorazioni-3-640x427.jpg 640w, https:\/\/www.belvedere-firenze.it\/wp-content\/uploads\/2023\/04\/Belvedere-pelletteria-lavorazioni-3-1280x854.jpg 1280w, https:\/\/www.belvedere-firenze.it\/wp-content\/uploads\/2023\/04\/Belvedere-pelletteria-lavorazioni-3-768x512.jpg 768w, https:\/\/www.belvedere-firenze.it\/wp-content\/uploads\/2023\/04\/Belvedere-pelletteria-lavorazioni-3-320x213.jpg 320w, https:\/\/www.belvedere-firenze.it\/wp-content\/uploads\/2023\/04\/Belvedere-pelletteria-lavorazioni-3-600x400.jpg 600w\" sizes=\"auto, (max-width: 1300px) 100vw, 1300px\" \/><\/span><\/div><\/div><\/div><\/div><\/div><\/div><div class=\"bt_bb_row  bt_bb_column_gap_0\" style=\"; --column-gap:0px;\" data-bt-override-class=\"{}\"><div class=\"bt_bb_row_holder\" ><div  class=\"bt_bb_column col-xxl-12 col-xl-12 bt_bb_vertical_align_top bt_bb_align_center bt_bb_padding_normal bt_bb_animation_fade_in animate\" style=\"; --column-width:12;\" data-width=\"12\" data-bt-override-class=\"{}\"><div class=\"bt_bb_column_content\"><div class=\"bt_bb_column_content_inner\"><div class=\"bt_bb_masonry_image_grid bt_bb_grid_container bt_bb_columns_4 bt_bb_gap_no_gap\" data-columns=\"4\"><div class=\"bt_bb_masonry_post_image_content\" data-columns=\"4\"><div class=\"bt_bb_grid_sizer\"><\/div><div class=\"bt_bb_grid_item bt_bb_tile_format11\" data-hw=\"1\" data-src=\"https:\/\/www.belvedere-firenze.it\/wp-content\/uploads\/2023\/04\/imm-4.jpg\" data-src-full=\"https:\/\/www.belvedere-firenze.it\/wp-content\/uploads\/2023\/04\/imm-4.jpg\" data-title=\"imm-4\"><div class=\"bt_bb_grid_item_inner\" data-hw=\"1\" ><div class=\"bt_bb_grid_item_inner_image\"><\/div><div class=\"bt_bb_grid_item_inner_content\"><\/div><\/div><\/div><div class=\"bt_bb_grid_item bt_bb_tile_format11\" data-hw=\"1\" data-src=\"https:\/\/www.belvedere-firenze.it\/wp-content\/uploads\/2023\/04\/imm-5.jpg\" data-src-full=\"https:\/\/www.belvedere-firenze.it\/wp-content\/uploads\/2023\/04\/imm-5.jpg\" data-title=\"imm-5\"><div class=\"bt_bb_grid_item_inner\" data-hw=\"1\" ><div class=\"bt_bb_grid_item_inner_image\"><\/div><div class=\"bt_bb_grid_item_inner_content\"><\/div><\/div><\/div><div class=\"bt_bb_grid_item bt_bb_tile_format11\" data-hw=\"1\" data-src=\"https:\/\/www.belvedere-firenze.it\/wp-content\/uploads\/2023\/04\/imm-6.jpg\" data-src-full=\"https:\/\/www.belvedere-firenze.it\/wp-content\/uploads\/2023\/04\/imm-6.jpg\" data-title=\"imm-6\"><div class=\"bt_bb_grid_item_inner\" data-hw=\"1\" ><div class=\"bt_bb_grid_item_inner_image\"><\/div><div class=\"bt_bb_grid_item_inner_content\"><\/div><\/div><\/div><div class=\"bt_bb_grid_item bt_bb_tile_format11\" data-hw=\"1\" data-src=\"https:\/\/www.belvedere-firenze.it\/wp-content\/uploads\/2023\/04\/imm-7.jpg\" data-src-full=\"https:\/\/www.belvedere-firenze.it\/wp-content\/uploads\/2023\/04\/imm-7.jpg\" data-title=\"imm-7\"><div class=\"bt_bb_grid_item_inner\" data-hw=\"1\" ><div class=\"bt_bb_grid_item_inner_image\"><\/div><div class=\"bt_bb_grid_item_inner_content\"><\/div><\/div><\/div><\/div><\/div><\/div><\/div><\/div><\/div><\/div><\/div><!-- cell_inner --><\/div><!-- cell --><\/div><!-- port --><\/section><section id=\"bt_bb_section69e59a43334a5\" class=\"bt_bb_section bt_bb_layout_boxed_1200 bt_bb_vertical_align_top bt_bb_top_spacing_medium bt_bb_bottom_spacing_large\"  data-bt-override-class=\"null\"><div class=\"bt_bb_port\"><div class=\"bt_bb_cell\"><div class=\"bt_bb_cell_inner\"><div class=\"bt_bb_row  bt_bb_column_gap_0\" style=\"; --column-gap:0px;\" data-bt-override-class=\"{}\"><div class=\"bt_bb_row_holder\" ><div  class=\"bt_bb_column col-xxl-6 col-xl-6 bt_bb_vertical_align_top bt_bb_align_center bt_bb_padding_normal bt_bb_animation_fade_in animate\" style=\"; --column-width:6;\" data-width=\"6\" data-bt-override-class=\"{}\"><div class=\"bt_bb_column_content\"><div class=\"bt_bb_column_content_inner\"><div class=\"bt_bb_image bt_bb_shape_square bt_bb_target_self bt_bb_align_inherit bt_bb_hover_style_simple bt_bb_content_display_always bt_bb_content_align_middle\" data-bt-override-class=\"{&quot;bt_bb_align_&quot;:{&quot;current_class&quot;:&quot;bt_bb_align_inherit&quot;,&quot;xxl&quot;:&quot;inherit&quot;,&quot;xl&quot;:&quot;inherit&quot;}}\"><span><img loading=\"lazy\" decoding=\"async\" width=\"600\" height=\"600\" src=\"https:\/\/www.belvedere-firenze.it\/wp-content\/uploads\/2023\/04\/imm-8.jpg\" class=\"attachment-full size-full\" alt=\"https:\/\/www.belvedere-firenze.it\/wp-content\/uploads\/2023\/04\/imm-8.jpg\" data-full_image_src=\"https:\/\/www.belvedere-firenze.it\/wp-content\/uploads\/2023\/04\/imm-8.jpg\" title=\"imm-8\" srcset=\"https:\/\/www.belvedere-firenze.it\/wp-content\/uploads\/2023\/04\/imm-8.jpg 600w, https:\/\/www.belvedere-firenze.it\/wp-content\/uploads\/2023\/04\/imm-8-160x160.jpg 160w, https:\/\/www.belvedere-firenze.it\/wp-content\/uploads\/2023\/04\/imm-8-320x320.jpg 320w, https:\/\/www.belvedere-firenze.it\/wp-content\/uploads\/2023\/04\/imm-8-300x300.jpg 300w, https:\/\/www.belvedere-firenze.it\/wp-content\/uploads\/2023\/04\/imm-8-100x100.jpg 100w\" sizes=\"auto, (max-width: 600px) 100vw, 600px\" \/><\/span><\/div><\/div><\/div><\/div><div  class=\"bt_bb_column col-xxl-6 col-xl-6 bt_bb_vertical_align_middle bt_bb_align_left bt_bb_padding_text_indent bt_bb_animation_fade_in animate\" style=\"; --column-width:6;\" data-width=\"6\" data-bt-override-class=\"{}\"><div class=\"bt_bb_column_content\"><div class=\"bt_bb_column_content_inner\"><div class=\"bt_bb_separator bt_bb_border_style_none bt_bb_top_spacing_medium\" data-bt-override-class=\"null\"><\/div><header class=\"bt_bb_headline bt_bb_subheadline_text_transform_default bt_bb_dash_none bt_bb_superheadline bt_bb_size_large bt_bb_align_inherit\" data-bt-override-class=\"{&quot;bt_bb_size_&quot;:{&quot;current_class&quot;:&quot;bt_bb_size_large&quot;,&quot;xxl&quot;:&quot;large&quot;,&quot;xl&quot;:&quot;large&quot;},&quot;bt_bb_align_&quot;:{&quot;current_class&quot;:&quot;bt_bb_align_inherit&quot;,&quot;xxl&quot;:&quot;inherit&quot;,&quot;xl&quot;:&quot;inherit&quot;}}\"><h2 class=\"bt_bb_headline_tag\"><span class=\"bt_bb_headline_superheadline\">Immergiti nell'arte dell'artigianato.<\/span><\/h2><\/header><div  class=\"bt_bb_text\" ><\/p>\n<p>Uno scatto che cattura l&#8217;essenza di un maestro artigiano della pelle al lavoro. In primo piano, l&#8217;abile artigiano si concentra sull&#8217;utilizzo di un sofisticato software che disegna con precisione i singoli pezzi di pelle destinati a creare una raffinata borsa femminile. La fusione di tradizione artigianale e tecnologia moderna si manifesta in questa immagine, raccontando una storia di creativit\u00e0 e maestria che d\u00e0 vita a pezzi unici e di alta qualit\u00e0. Un&#8217;istantanea che celebra l&#8217;incontro tra passato e futuro nell&#8217;arte della pelletteria.<\/p>\n<p>\n<\/div><div class=\"bt_bb_separator bt_bb_border_style_solid bt_bb_top_spacing_normal bt_bb_bottom_spacing_normal\" data-bt-override-class=\"null\"><\/div><div class=\"bt_bb_button bt_bb_color_scheme_3 bt_bb_icon_position_left bt_bb_style_clean bt_bb_size_small bt_bb_width_inline bt_bb_shape_inherit bt_bb_target_self bt_bb_text_transform_inherit bt_bb_align_inherit\" style=\"; --primary-color:#B28564; --secondary-color:#191919;\" data-bt-override-class=\"{&quot;bt_bb_size_&quot;:{&quot;current_class&quot;:&quot;bt_bb_size_small&quot;,&quot;xxl&quot;:&quot;small&quot;,&quot;xl&quot;:&quot;small&quot;},&quot;bt_bb_align_&quot;:{&quot;current_class&quot;:&quot;bt_bb_align_inherit&quot;,&quot;xxl&quot;:&quot;inherit&quot;,&quot;xl&quot;:&quot;inherit&quot;}}\"><a href=\"Il nostro Team\" target=\"_self\" class=\"bt_bb_link\" title=\"\"><\/a><\/div><div class=\"bt_bb_separator bt_bb_border_style_none bt_bb_bottom_spacing_medium\" data-bt-override-class=\"null\"><\/div><\/div><\/div><\/div><\/div><\/div><div class=\"bt_bb_row  bt_bb_column_gap_0\" style=\"; --column-gap:0px;\" data-bt-override-class=\"{}\"><div class=\"bt_bb_row_holder\" ><div  class=\"bt_bb_column col-xxl-6 col-xl-6 bt_bb_vertical_align_middle bt_bb_align_left bt_bb_padding_text_indent bt_bb_animation_fade_in animate\" style=\"; --column-width:6;\" data-width=\"6\" data-bt-override-class=\"{}\"><div class=\"bt_bb_column_content\"><div class=\"bt_bb_column_content_inner\"><div class=\"bt_bb_separator bt_bb_border_style_none bt_bb_top_spacing_medium\" data-bt-override-class=\"null\"><\/div><header class=\"bt_bb_headline bt_bb_subheadline_text_transform_default bt_bb_dash_none bt_bb_superheadline bt_bb_size_large bt_bb_align_inherit\" data-bt-override-class=\"{&quot;bt_bb_size_&quot;:{&quot;current_class&quot;:&quot;bt_bb_size_large&quot;,&quot;xxl&quot;:&quot;large&quot;,&quot;xl&quot;:&quot;large&quot;},&quot;bt_bb_align_&quot;:{&quot;current_class&quot;:&quot;bt_bb_align_inherit&quot;,&quot;xxl&quot;:&quot;inherit&quot;,&quot;xl&quot;:&quot;inherit&quot;}}\"><h2 class=\"bt_bb_headline_tag\"><span class=\"bt_bb_headline_superheadline\"> Esplora l'autenticit\u00e0 dell'artigianato<\/span><\/h2><\/header><div  class=\"bt_bb_text\" ><\/p>\n<p>Un&#8217;abile artigiana della pelle che lavora con passione utilizzando una vecchia ma fidata macchina da cucire. Con maestria cuce con cura i dettagli che completeranno una sofisticata borsa femminile. Un connubio tra tradizione e creativit\u00e0, rivelando il delicato equilibrio tra l&#8217;uso di strumenti artigianali classici e la creazione di pezzi moderni e alla moda. Una testimonianza visiva di dedizione e maestria nell&#8217;arte senza tempo della pelletteria.<\/p>\n<p>\n<\/div><div class=\"bt_bb_separator bt_bb_border_style_solid bt_bb_top_spacing_normal bt_bb_bottom_spacing_normal\" data-bt-override-class=\"null\"><\/div><div class=\"bt_bb_button bt_bb_color_scheme_3 bt_bb_icon_position_left bt_bb_style_clean bt_bb_size_small bt_bb_width_inline bt_bb_shape_inherit bt_bb_target_self bt_bb_text_transform_inherit bt_bb_align_inherit\" style=\"; --primary-color:#B28564; --secondary-color:#191919;\" data-bt-override-class=\"{&quot;bt_bb_size_&quot;:{&quot;current_class&quot;:&quot;bt_bb_size_small&quot;,&quot;xxl&quot;:&quot;small&quot;,&quot;xl&quot;:&quot;small&quot;},&quot;bt_bb_align_&quot;:{&quot;current_class&quot;:&quot;bt_bb_align_inherit&quot;,&quot;xxl&quot;:&quot;inherit&quot;,&quot;xl&quot;:&quot;inherit&quot;}}\"><a href=\"Il nostro Team\" target=\"_self\" class=\"bt_bb_link\" title=\"\"><\/a><\/div><div class=\"bt_bb_separator bt_bb_border_style_none bt_bb_bottom_spacing_medium\" data-bt-override-class=\"null\"><\/div><\/div><\/div><\/div><div  class=\"bt_bb_column col-xxl-6 col-xl-6 bt_bb_vertical_align_top bt_bb_align_center bt_bb_padding_normal bt_bb_animation_fade_in animate\" style=\"; --column-width:6;\" data-width=\"6\" data-bt-override-class=\"{}\"><div class=\"bt_bb_column_content\"><div class=\"bt_bb_column_content_inner\"><div class=\"bt_bb_image bt_bb_shape_square bt_bb_target_self bt_bb_align_inherit bt_bb_hover_style_simple bt_bb_content_display_always bt_bb_content_align_middle\" data-bt-override-class=\"{&quot;bt_bb_align_&quot;:{&quot;current_class&quot;:&quot;bt_bb_align_inherit&quot;,&quot;xxl&quot;:&quot;inherit&quot;,&quot;xl&quot;:&quot;inherit&quot;}}\"><span><img loading=\"lazy\" decoding=\"async\" width=\"600\" height=\"600\" src=\"https:\/\/www.belvedere-firenze.it\/wp-content\/uploads\/2023\/04\/imm-9.jpg\" class=\"attachment-full size-full\" alt=\"https:\/\/www.belvedere-firenze.it\/wp-content\/uploads\/2023\/04\/imm-9.jpg\" data-full_image_src=\"https:\/\/www.belvedere-firenze.it\/wp-content\/uploads\/2023\/04\/imm-9.jpg\" title=\"imm-9\" srcset=\"https:\/\/www.belvedere-firenze.it\/wp-content\/uploads\/2023\/04\/imm-9.jpg 600w, https:\/\/www.belvedere-firenze.it\/wp-content\/uploads\/2023\/04\/imm-9-160x160.jpg 160w, https:\/\/www.belvedere-firenze.it\/wp-content\/uploads\/2023\/04\/imm-9-320x320.jpg 320w, https:\/\/www.belvedere-firenze.it\/wp-content\/uploads\/2023\/04\/imm-9-300x300.jpg 300w, https:\/\/www.belvedere-firenze.it\/wp-content\/uploads\/2023\/04\/imm-9-100x100.jpg 100w\" sizes=\"auto, (max-width: 600px) 100vw, 600px\" \/><\/span><\/div><\/div><\/div><\/div><\/div><\/div><\/div><!-- cell_inner --><\/div><!-- cell --><\/div><!-- port --><\/section><\/p>\n","protected":false},"excerpt":{"rendered":"","protected":false},"author":99,"featured_media":0,"parent":0,"menu_order":0,"comment_status":"closed","ping_status":"closed","template":"","meta":{"footnotes":""},"class_list":["post-3278","page","type-page","status-publish","hentry"],"_links":{"self":[{"href":"https:\/\/www.belvedere-firenze.it\/it\/wp-json\/wp\/v2\/pages\/3278","targetHints":{"allow":["GET"]}}],"collection":[{"href":"https:\/\/www.belvedere-firenze.it\/it\/wp-json\/wp\/v2\/pages"}],"about":[{"href":"https:\/\/www.belvedere-firenze.it\/it\/wp-json\/wp\/v2\/types\/page"}],"author":[{"embeddable":true,"href":"https:\/\/www.belvedere-firenze.it\/it\/wp-json\/wp\/v2\/users\/99"}],"replies":[{"embeddable":true,"href":"https:\/\/www.belvedere-firenze.it\/it\/wp-json\/wp\/v2\/comments?post=3278"}],"version-history":[{"count":7,"href":"https:\/\/www.belvedere-firenze.it\/it\/wp-json\/wp\/v2\/pages\/3278\/revisions"}],"predecessor-version":[{"id":3303,"href":"https:\/\/www.belvedere-firenze.it\/it\/wp-json\/wp\/v2\/pages\/3278\/revisions\/3303"}],"wp:attachment":[{"href":"https:\/\/www.belvedere-firenze.it\/it\/wp-json\/wp\/v2\/media?parent=3278"}],"curies":[{"name":"wp","href":"https:\/\/api.w.org\/{rel}","templated":true}]}}